{"id":2099,"date":"2018-02-08T12:16:56","date_gmt":"2018-02-08T12:16:56","guid":{"rendered":"http:\/\/www.klg.com.tr\/?page_id=2099"},"modified":"2023-06-29T20:34:49","modified_gmt":"2023-06-29T17:34:49","slug":"copyrights","status":"publish","type":"page","link":"https:\/\/www.klg.com.tr\/en\/copyrights\/","title":{"rendered":"Copyrights"},"content":{"rendered":"<p>[vc_row][vc_column]\n\n    <!-- Contacts -->\n\n\n    <main             class=\" vc_custom_1518095821559 main main-inner  bg-about \"\n            data-stellar-background-ratio=\"0.6\">\n        <div class=\"container\">\n            <header class=\"main-header\">\n                <h1>Copyrights<\/h1>\n\t\t\t\t                    <div class=\"project-title-info\">\n\t\t\t\t\t\t\n\n\t\t\t\t\t\t                    <\/div>\n\t\t\t\t            <\/header>\n        <\/div>\n\n        <!-- Lines -->\n\n        <div class=\"page-lines\">\n            <div class=\"container\">\n                <div class=\"col-line col-xs-4\">\n                    <div class=\"line\"><\/div>\n                <\/div>\n                <div class=\"col-line col-xs-4\">\n                    <div class=\"line\"><\/div>\n                <\/div>\n                <div class=\"col-line col-xs-4\">\n                    <div class=\"line\"><\/div>\n                    <div class=\"line\"><\/div>\n                <\/div>\n            <\/div>\n        <\/div>\n    <\/main>\n\t\n    <!-- About  -->\n\n    <section             class=\"about  \">\n        <div class=\"container\">\n            <div class=\"entry\">\n                <h3 class=\"entry-title\">KL Group Inc.<span\n                            class=\"text-primary\">Kullan\u0131m Ko\u015fullar\u0131<\/span><\/h3>\n                <div class=\"entry-text\">\n\t\t\t\t\t<strong>Copyrights:<\/strong> In this web-site, any work (pictures and drawings) you might find should be considered to be copyrighted by default. A work is not required to have a copyright statement printed on it or near it in order to be considered copyrighted. So do not assume that the work is unprotected simply because you cannot see a notice written anywhere.<\/p>\n<p>Turkish copyright law is documented in the law number 5846 on Intellectual and Artistic Works (Turkish: Fikir ve Sanat Eserleri Kanunu).<\/p>\n<p>&nbsp;<\/p>\n<p><strong>Fikir ve Sanat Eserleri Kanunu 5846:<\/strong>\u00a0 Madde 22 &#8211; (De\u011fi\u015fik: 7\/6\/1995 &#8211; 4110\/8 md.) Bir eserin asl\u0131n\u0131 veya i\u015flenmelerini k\u0131smen ya da tamamen \u00e7o\u011faltma hakk\u0131, m\u00fcnhas\u0131ran eser sahibine aittir.<\/p>\n<p>Eserlerin asl\u0131ndan ikinci bir kopyas\u0131n\u0131n \u00e7\u0131kar\u0131lmas\u0131 ya da eserin i\u015faret, ses ve g\u00f6r\u00fcnt\u00fc nakil ve tekrar\u0131na yarayan, bilinen ya da ileride geli\u015ftirilecek olan her t\u00fcrl\u00fc araca kay\u0131t edilmesi, her t\u00fcrl\u00fc ses ve m\u00fczik kay\u0131tlar\u0131 ile mimarl\u0131k eserlerine ait plan, proje ve krokilerin uygulanmas\u0131 da \u00e7o\u011faltma say\u0131l\u0131r.<\/p>\n<p>\u00c7o\u011faltma hakk\u0131, bilgisayar program\u0131n\u0131n ge\u00e7ici \u00e7o\u011falt\u0131lmas\u0131n\u0131 gerektirdi\u011fi \u00f6l\u00e7\u00fcde, program\u0131n y\u00fcklenmesi, g\u00f6r\u00fcnt\u00fclenmesi, \u00e7al\u0131\u015ft\u0131r\u0131lmas\u0131, iletilmesi ve depolanmas\u0131 fiillerini de kapsar.<\/p>\n<p>&nbsp;<\/p>\n<p><strong>TMMOB \u0130\u00e7mimarlar Odas\u0131 ( SMM ) Serbest \u0130\u00e7mimarl\u0131k Hizmetlerini Uygulama, Tescil ve Mesleki Denetim Y\u00f6netmeli\u011fi :<\/strong> Mesleki uygulamalarda kamu yarar\u0131n\u0131, meslek haklar\u0131n\u0131 ve eti\u011fini korumak, tan\u0131tmak, geli\u015ftirmek, m\u00fcelliflik haklar\u0131n\u0131 g\u00f6zetmek, haks\u0131z rekabeti \u00f6nlemek, mesleki sorumluluklar\u0131, mesleki u\u011fra\u015f\u0131 konular\u0131n\u0131, uygulama alanlar\u0131n\u0131 tan\u0131mlamak ve mesleki denetim ile mesleki de\u011ferlendirmeye esas sicilleri tutmak ve eser sahipli\u011fi kapsam\u0131nda, eser sahibinin mali ve esere dair haklar\u0131n\u0131 korumakt\u0131r.                <\/div>\n            <\/div>\n        <\/div>\n    <\/section>\n\n\t[\/vc_column][\/vc_row]<\/p>","protected":false},"excerpt":{"rendered":"<p>[\/vc_row]<\/p>\n","protected":false},"author":1,"featured_media":0,"parent":0,"menu_order":0,"comment_status":"closed","ping_status":"closed","template":"template-fullwidth.php","meta":[],"_links":{"self":[{"href":"https:\/\/www.klg.com.tr\/en\/wp-json\/wp\/v2\/pages\/2099"}],"collection":[{"href":"https:\/\/www.klg.com.tr\/en\/wp-json\/wp\/v2\/pages"}],"about":[{"href":"https:\/\/www.klg.com.tr\/en\/wp-json\/wp\/v2\/types\/page"}],"author":[{"embeddable":true,"href":"https:\/\/www.klg.com.tr\/en\/wp-json\/wp\/v2\/users\/1"}],"replies":[{"embeddable":true,"href":"https:\/\/www.klg.com.tr\/en\/wp-json\/wp\/v2\/comments?post=2099"}],"version-history":[{"count":5,"href":"https:\/\/www.klg.com.tr\/en\/wp-json\/wp\/v2\/pages\/2099\/revisions"}],"predecessor-version":[{"id":2433,"href":"https:\/\/www.klg.com.tr\/en\/wp-json\/wp\/v2\/pages\/2099\/revisions\/2433"}],"wp:attachment":[{"href":"https:\/\/www.klg.com.tr\/en\/wp-json\/wp\/v2\/media?parent=2099"}],"curies":[{"name":"wp","href":"https:\/\/api.w.org\/{rel}","templated":true}]}}